{"id":7879,"date":"2023-07-27T07:30:14","date_gmt":"2023-07-27T05:30:14","guid":{"rendered":"https:\/\/mikai.dk\/?page_id=7879"},"modified":"2026-02-14T15:01:17","modified_gmt":"2026-02-14T14:01:17","slug":"2-aars-foedselsdag-luis","status":"publish","type":"page","link":"https:\/\/mikai.dk\/index.php\/2-aars-foedselsdag-luis\/","title":{"rendered":"2 \u00e5rs f\u00f8dselsdag Luis"},"content":{"rendered":"\t\t<div data-elementor-type=\"wp-page\" data-elementor-id=\"7879\" class=\"elementor elementor-7879\">\n\t\t\t\t\t\t<section class=\"elementor-section elementor-top-section elementor-element elementor-element-3b9ea8a elementor-section-boxed elementor-section-height-default elementor-section-height-default\" data-id=\"3b9ea8a\" data-element_type=\"section\" data-e-type=\"section\">\n\t\t\t\t\t\t<div class=\"elementor-container elementor-column-gap-default\">\n\t\t\t\t\t<div class=\"elementor-column elementor-col-100 elementor-top-column elementor-element elementor-element-d6464ba\" data-id=\"d6464ba\" data-element_type=\"column\" data-e-type=\"column\">\n\t\t\t<div class=\"elementor-widget-wrap elementor-element-populated\">\n\t\t\t\t\t\t<div class=\"elementor-element elementor-element-72fef29 elementor-widget elementor-widget-heading\" data-id=\"72fef29\" data-element_type=\"widget\" data-e-type=\"widget\" data-widget_type=\"heading.default\">\n\t\t\t\t<div class=\"elementor-widget-container\">\n\t\t\t\t\t<h2 class=\"elementor-heading-title elementor-size-default\">2 \u00e5rs f\u00f8dselsdag Luis<\/h2>\t\t\t\t<\/div>\n\t\t\t\t<\/div>\n\t\t\t\t\t<\/div>\n\t\t<\/div>\n\t\t\t\t\t<\/div>\n\t\t<\/section>\n\t\t\t\t<section class=\"elementor-section elementor-top-section elementor-element elementor-element-a2a07c0 elementor-section-boxed elementor-section-height-default elementor-section-height-default\" data-id=\"a2a07c0\" data-element_type=\"section\" data-e-type=\"section\">\n\t\t\t\t\t\t<div class=\"elementor-container elementor-column-gap-default\">\n\t\t\t\t\t<div class=\"elementor-column elementor-col-100 elementor-top-column elementor-element elementor-element-674a896\" data-id=\"674a896\" data-element_type=\"column\" data-e-type=\"column\">\n\t\t\t<div class=\"elementor-widget-wrap elementor-element-populated\">\n\t\t\t\t\t\t<div class=\"elementor-element elementor-element-2c3b976 gallery-spacing-custom elementor-widget elementor-widget-image-gallery\" data-id=\"2c3b976\" data-element_type=\"widget\" data-e-type=\"widget\" data-widget_type=\"image-gallery.default\">\n\t\t\t\t<div class=\"elementor-widget-container\">\n\t\t\t\t\t\t\t<div class=\"elementor-image-gallery\">\n\t\t\t<div id='gallery-1' class='gallery galleryid-7879 gallery-columns-2 gallery-size-large'><figure class='gallery-item'>\n\t\t\t<div class='gallery-icon portrait'>\n\t\t\t\t<a data-elementor-open-lightbox=\"yes\" data-elementor-lightbox-slideshow=\"2c3b976\" data-elementor-lightbox-title=\"Image1\" data-e-action-hash=\"#elementor-action%3Aaction%3Dlightbox%26settings%3DeyJpZCI6NzkwMywidXJsIjoiaHR0cHM6XC9cL21pa2FpLmRrXC93cC1jb250ZW50XC91cGxvYWRzXC8yMDIzXC8wN1wvSW1hZ2UxLmpwZyIsInNsaWRlc2hvdyI6IjJjM2I5NzYifQ%3D%3D\" href='https:\/\/mikai.dk\/wp-content\/uploads\/2023\/07\/Image1.jpg'><img fetchpriority=\"high\" decoding=\"async\" width=\"511\" height=\"662\" src=\"https:\/\/mikai.dk\/wp-content\/uploads\/2023\/07\/Image1.jpg\" class=\"attachment-large size-large\" alt=\"\" aria-describedby=\"gallery-1-7903\" srcset=\"https:\/\/mikai.dk\/wp-content\/uploads\/2023\/07\/Image1.jpg 511w, https:\/\/mikai.dk\/wp-content\/uploads\/2023\/07\/Image1-232x300.jpg 232w\" sizes=\"(max-width: 511px) 100vw, 511px\" \/><\/a>\n\t\t\t<\/div>\n\t\t\t\t<figcaption class='wp-caption-text gallery-caption' id='gallery-1-7903'>\n\t\t\t\tLuis 2 \u00e5r\n\t\t\t\t<\/figcaption><\/figure><figure class='gallery-item'>\n\t\t\t<div class='gallery-icon portrait'>\n\t\t\t\t<a data-elementor-open-lightbox=\"yes\" data-elementor-lightbox-slideshow=\"2c3b976\" data-elementor-lightbox-title=\"Image2\" data-e-action-hash=\"#elementor-action%3Aaction%3Dlightbox%26settings%3DeyJpZCI6NzkwNCwidXJsIjoiaHR0cHM6XC9cL21pa2FpLmRrXC93cC1jb250ZW50XC91cGxvYWRzXC8yMDIzXC8wN1wvSW1hZ2UyLmpwZyIsInNsaWRlc2hvdyI6IjJjM2I5NzYifQ%3D%3D\" href='https:\/\/mikai.dk\/wp-content\/uploads\/2023\/07\/Image2.jpg'><img decoding=\"async\" width=\"517\" height=\"594\" src=\"https:\/\/mikai.dk\/wp-content\/uploads\/2023\/07\/Image2.jpg\" class=\"attachment-large size-large\" alt=\"\" srcset=\"https:\/\/mikai.dk\/wp-content\/uploads\/2023\/07\/Image2.jpg 517w, https:\/\/mikai.dk\/wp-content\/uploads\/2023\/07\/Image2-261x300.jpg 261w\" sizes=\"(max-width: 517px) 100vw, 517px\" \/><\/a>\n\t\t\t<\/div><\/figure><figure class='gallery-item'>\n\t\t\t<div class='gallery-icon landscape'>\n\t\t\t\t<a data-elementor-open-lightbox=\"yes\" data-elementor-lightbox-slideshow=\"2c3b976\" data-elementor-lightbox-title=\"Image3\" data-e-action-hash=\"#elementor-action%3Aaction%3Dlightbox%26settings%3DeyJpZCI6NzkwNSwidXJsIjoiaHR0cHM6XC9cL21pa2FpLmRrXC93cC1jb250ZW50XC91cGxvYWRzXC8yMDIzXC8wN1wvSW1hZ2UzLmpwZyIsInNsaWRlc2hvdyI6IjJjM2I5NzYifQ%3D%3D\" href='https:\/\/mikai.dk\/wp-content\/uploads\/2023\/07\/Image3.jpg'><img decoding=\"async\" width=\"580\" height=\"367\" src=\"https:\/\/mikai.dk\/wp-content\/uploads\/2023\/07\/Image3.jpg\" class=\"attachment-large size-large\" alt=\"\" srcset=\"https:\/\/mikai.dk\/wp-content\/uploads\/2023\/07\/Image3.jpg 906w, https:\/\/mikai.dk\/wp-content\/uploads\/2023\/07\/Image3-300x190.jpg 300w, https:\/\/mikai.dk\/wp-content\/uploads\/2023\/07\/Image3-768x487.jpg 768w\" sizes=\"(max-width: 580px) 100vw, 580px\" \/><\/a>\n\t\t\t<\/div><\/figure><figure class='gallery-item'>\n\t\t\t<div class='gallery-icon landscape'>\n\t\t\t\t<a data-elementor-open-lightbox=\"yes\" data-elementor-lightbox-slideshow=\"2c3b976\" data-elementor-lightbox-title=\"Image4\" data-e-action-hash=\"#elementor-action%3Aaction%3Dlightbox%26settings%3DeyJpZCI6NzkwNiwidXJsIjoiaHR0cHM6XC9cL21pa2FpLmRrXC93cC1jb250ZW50XC91cGxvYWRzXC8yMDIzXC8wN1wvSW1hZ2U0LmpwZyIsInNsaWRlc2hvdyI6IjJjM2I5NzYifQ%3D%3D\" href='https:\/\/mikai.dk\/wp-content\/uploads\/2023\/07\/Image4.jpg'><img loading=\"lazy\" decoding=\"async\" width=\"580\" height=\"408\" src=\"https:\/\/mikai.dk\/wp-content\/uploads\/2023\/07\/Image4.jpg\" class=\"attachment-large size-large\" alt=\"\" srcset=\"https:\/\/mikai.dk\/wp-content\/uploads\/2023\/07\/Image4.jpg 903w, https:\/\/mikai.dk\/wp-content\/uploads\/2023\/07\/Image4-300x211.jpg 300w, https:\/\/mikai.dk\/wp-content\/uploads\/2023\/07\/Image4-768x540.jpg 768w\" sizes=\"(max-width: 580px) 100vw, 580px\" \/><\/a>\n\t\t\t<\/div><\/figure><figure class='gallery-item'>\n\t\t\t<div class='gallery-icon landscape'>\n\t\t\t\t<a data-elementor-open-lightbox=\"yes\" data-elementor-lightbox-slideshow=\"2c3b976\" data-elementor-lightbox-title=\"Image5\" data-e-action-hash=\"#elementor-action%3Aaction%3Dlightbox%26settings%3DeyJpZCI6NzkwNywidXJsIjoiaHR0cHM6XC9cL21pa2FpLmRrXC93cC1jb250ZW50XC91cGxvYWRzXC8yMDIzXC8wN1wvSW1hZ2U1LmpwZyIsInNsaWRlc2hvdyI6IjJjM2I5NzYifQ%3D%3D\" href='https:\/\/mikai.dk\/wp-content\/uploads\/2023\/07\/Image5.jpg'><img loading=\"lazy\" decoding=\"async\" width=\"580\" height=\"336\" src=\"https:\/\/mikai.dk\/wp-content\/uploads\/2023\/07\/Image5.jpg\" class=\"attachment-large size-large\" alt=\"\" srcset=\"https:\/\/mikai.dk\/wp-content\/uploads\/2023\/07\/Image5.jpg 895w, https:\/\/mikai.dk\/wp-content\/uploads\/2023\/07\/Image5-300x174.jpg 300w, https:\/\/mikai.dk\/wp-content\/uploads\/2023\/07\/Image5-768x445.jpg 768w\" sizes=\"(max-width: 580px) 100vw, 580px\" \/><\/a>\n\t\t\t<\/div><\/figure><figure class='gallery-item'>\n\t\t\t<div class='gallery-icon landscape'>\n\t\t\t\t<a data-elementor-open-lightbox=\"yes\" data-elementor-lightbox-slideshow=\"2c3b976\" data-elementor-lightbox-title=\"Image6\" data-e-action-hash=\"#elementor-action%3Aaction%3Dlightbox%26settings%3DeyJpZCI6NzkwOCwidXJsIjoiaHR0cHM6XC9cL21pa2FpLmRrXC93cC1jb250ZW50XC91cGxvYWRzXC8yMDIzXC8wN1wvSW1hZ2U2LmpwZyIsInNsaWRlc2hvdyI6IjJjM2I5NzYifQ%3D%3D\" href='https:\/\/mikai.dk\/wp-content\/uploads\/2023\/07\/Image6.jpg'><img loading=\"lazy\" decoding=\"async\" width=\"580\" height=\"356\" src=\"https:\/\/mikai.dk\/wp-content\/uploads\/2023\/07\/Image6.jpg\" class=\"attachment-large size-large\" alt=\"\" srcset=\"https:\/\/mikai.dk\/wp-content\/uploads\/2023\/07\/Image6.jpg 899w, https:\/\/mikai.dk\/wp-content\/uploads\/2023\/07\/Image6-300x184.jpg 300w, https:\/\/mikai.dk\/wp-content\/uploads\/2023\/07\/Image6-768x472.jpg 768w\" sizes=\"(max-width: 580px) 100vw, 580px\" \/><\/a>\n\t\t\t<\/div><\/figure><figure class='gallery-item'>\n\t\t\t<div class='gallery-icon landscape'>\n\t\t\t\t<a data-elementor-open-lightbox=\"yes\" data-elementor-lightbox-slideshow=\"2c3b976\" data-elementor-lightbox-title=\"Image7\" data-e-action-hash=\"#elementor-action%3Aaction%3Dlightbox%26settings%3DeyJpZCI6NzkwOSwidXJsIjoiaHR0cHM6XC9cL21pa2FpLmRrXC93cC1jb250ZW50XC91cGxvYWRzXC8yMDIzXC8wN1wvSW1hZ2U3LmpwZyIsInNsaWRlc2hvdyI6IjJjM2I5NzYifQ%3D%3D\" href='https:\/\/mikai.dk\/wp-content\/uploads\/2023\/07\/Image7.jpg'><img loading=\"lazy\" decoding=\"async\" width=\"580\" height=\"318\" src=\"https:\/\/mikai.dk\/wp-content\/uploads\/2023\/07\/Image7.jpg\" class=\"attachment-large size-large\" alt=\"\" srcset=\"https:\/\/mikai.dk\/wp-content\/uploads\/2023\/07\/Image7.jpg 895w, https:\/\/mikai.dk\/wp-content\/uploads\/2023\/07\/Image7-300x165.jpg 300w, https:\/\/mikai.dk\/wp-content\/uploads\/2023\/07\/Image7-768x421.jpg 768w\" sizes=\"(max-width: 580px) 100vw, 580px\" \/><\/a>\n\t\t\t<\/div><\/figure>\n\t\t<\/div>\n\t\t<\/div>\n\t\t\t\t\t\t<\/div>\n\t\t\t\t<\/div>\n\t\t\t\t\t<\/div>\n\t\t<\/div>\n\t\t\t\t\t<\/div>\n\t\t<\/section>\n\t\t\t\t<section class=\"elementor-section elementor-top-section elementor-element elementor-element-bf7bf0f elementor-section-boxed elementor-section-height-default elementor-section-height-default\" data-id=\"bf7bf0f\" data-element_type=\"section\" data-e-type=\"section\">\n\t\t\t\t\t\t<div class=\"elementor-container elementor-column-gap-default\">\n\t\t\t\t\t<div class=\"elementor-column elementor-col-50 elementor-top-column elementor-element elementor-element-90f2e9b\" data-id=\"90f2e9b\" data-element_type=\"column\" data-e-type=\"column\">\n\t\t\t<div class=\"elementor-widget-wrap elementor-element-populated\">\n\t\t\t\t\t\t<div class=\"elementor-element elementor-element-f70a23c elementor-widget elementor-widget-image\" data-id=\"f70a23c\" data-element_type=\"widget\" data-e-type=\"widget\" data-widget_type=\"image.default\">\n\t\t\t\t<div class=\"elementor-widget-container\">\n\t\t\t\t\t\t\t\t\t\t\t\t\t\t\t\t<a href=\"https:\/\/mikai.dk\/index.php\/foto\/\" target=\"_blank\">\n\t\t\t\t\t\t\t<img loading=\"lazy\" decoding=\"async\" width=\"250\" height=\"50\" src=\"https:\/\/mikai.dk\/wp-content\/uploads\/2023\/07\/Til-Foto-oversigten.jpg\" class=\"attachment-large size-large wp-image-7918\" alt=\"\" \/>\t\t\t\t\t\t\t\t<\/a>\n\t\t\t\t\t\t\t\t\t\t\t\t\t\t\t<\/div>\n\t\t\t\t<\/div>\n\t\t\t\t\t<\/div>\n\t\t<\/div>\n\t\t\t\t<div class=\"elementor-column elementor-col-50 elementor-top-column elementor-element elementor-element-85ebaf3\" data-id=\"85ebaf3\" data-element_type=\"column\" data-e-type=\"column\">\n\t\t\t<div class=\"elementor-widget-wrap elementor-element-populated\">\n\t\t\t\t\t\t<div class=\"elementor-element elementor-element-eb855d4 elementor-widget elementor-widget-image\" data-id=\"eb855d4\" data-element_type=\"widget\" data-e-type=\"widget\" data-widget_type=\"image.default\">\n\t\t\t\t<div class=\"elementor-widget-container\">\n\t\t\t\t\t\t\t\t\t\t\t\t\t\t\t\t<a href=\"https:\/\/mikai.dk\/\" target=\"_blank\">\n\t\t\t\t\t\t\t<img loading=\"lazy\" decoding=\"async\" width=\"250\" height=\"50\" src=\"https:\/\/mikai.dk\/wp-content\/uploads\/2023\/06\/Til-forsiden-13.jpg\" class=\"attachment-large size-large wp-image-7330\" alt=\"\" \/>\t\t\t\t\t\t\t\t<\/a>\n\t\t\t\t\t\t\t\t\t\t\t\t\t\t\t<\/div>\n\t\t\t\t<\/div>\n\t\t\t\t\t<\/div>\n\t\t<\/div>\n\t\t\t\t\t<\/div>\n\t\t<\/section>\n\t\t\t\t<\/div>\n\t\t","protected":false},"excerpt":{"rendered":"<p>2 \u00e5rs f\u00f8dselsdag Luis Luis 2 \u00e5r<\/p>\n","protected":false},"author":2,"featured_media":0,"parent":0,"menu_order":0,"comment_status":"closed","ping_status":"closed","template":"elementor_header_footer","meta":{"footnotes":""},"class_list":["post-7879","page","type-page","status-publish","hentry"],"_links":{"self":[{"href":"https:\/\/mikai.dk\/index.php\/wp-json\/wp\/v2\/pages\/7879","targetHints":{"allow":["GET"]}}],"collection":[{"href":"https:\/\/mikai.dk\/index.php\/wp-json\/wp\/v2\/pages"}],"about":[{"href":"https:\/\/mikai.dk\/index.php\/wp-json\/wp\/v2\/types\/page"}],"author":[{"embeddable":true,"href":"https:\/\/mikai.dk\/index.php\/wp-json\/wp\/v2\/users\/2"}],"replies":[{"embeddable":true,"href":"https:\/\/mikai.dk\/index.php\/wp-json\/wp\/v2\/comments?post=7879"}],"version-history":[{"count":46,"href":"https:\/\/mikai.dk\/index.php\/wp-json\/wp\/v2\/pages\/7879\/revisions"}],"predecessor-version":[{"id":10516,"href":"https:\/\/mikai.dk\/index.php\/wp-json\/wp\/v2\/pages\/7879\/revisions\/10516"}],"wp:attachment":[{"href":"https:\/\/mikai.dk\/index.php\/wp-json\/wp\/v2\/media?parent=7879"}],"curies":[{"name":"wp","href":"https:\/\/api.w.org\/{rel}","templated":true}]}}